{"id":6,"date":"2020-06-17T18:24:26","date_gmt":"2020-06-17T18:24:26","guid":{"rendered":"http:\/\/saojorgerecuperadora.com.br\/?page_id=6"},"modified":"2020-07-28T21:23:17","modified_gmt":"2020-07-28T21:23:17","slug":"pecas-para-carros-antigos-eletrica-ou-eletronica","status":"publish","type":"page","link":"https:\/\/saojorgerecuperadora.com.br\/","title":{"rendered":"Restaura\u00e7\u00e3o de pe\u00e7as el\u00e9tricas ou eletr\u00f4nicas de carros antigos"},"content":{"rendered":"\t\t<div data-elementor-type=\"wp-page\" data-elementor-id=\"6\" class=\"elementor elementor-6\">\n\t\t\t\t\t\t<div class=\"elementor-inner\">\n\t\t\t\t<div class=\"elementor-section-wrap\">\n\t\t\t\t\t\t\t\t\t<section class=\"elementor-section elementor-top-section elementor-element elementor-element-1fb9e01 elementor-section-boxed elementor-section-height-default elementor-section-height-default\" data-id=\"1fb9e01\" data-element_type=\"section\" data-settings=\"{&quot;background_background&quot;:&quot;classic&quot;}\">\n\t\t\t\t\t\t<div class=\"elementor-container elementor-column-gap-default\">\n\t\t\t\t\t\t\t<div class=\"elementor-row\">\n\t\t\t\t\t<div class=\"elementor-column elementor-col-100 elementor-top-column elementor-element elementor-element-af45518\" data-id=\"af45518\" data-element_type=\"column\">\n\t\t\t<div class=\"elementor-column-wrap elementor-element-populated\">\n\t\t\t\t\t\t\t<div class=\"elementor-widget-wrap\">\n\t\t\t\t\t\t<div class=\"elementor-element elementor-element-01d785d elementor-widget elementor-widget-image\" data-id=\"01d785d\" data-element_type=\"widget\" data-widget_type=\"image.default\">\n\t\t\t\t<div class=\"elementor-widget-container\">\n\t\t\t\t\t\t\t\t<div class=\"elementor-image\">\n\t\t\t\t\t\t\t\t\t\t\t\t<img decoding=\"async\" width=\"1024\" height=\"176\" src=\"https:\/\/saojorgerecuperadora.com.br\/wp-content\/uploads\/2020\/07\/Recupera\u00e7\u00e3o-de-pe\u00e7as-para-carros-antigos-2-1024x176.jpg\" class=\"attachment-large size-large\" alt=\"Recupera\u00e7\u00e3o de pe\u00e7as para carros antigos\" loading=\"lazy\" srcset=\"https:\/\/saojorgerecuperadora.com.br\/wp-content\/uploads\/2020\/07\/Recupera\u00e7\u00e3o-de-pe\u00e7as-para-carros-antigos-2-1024x176.jpg 1024w, https:\/\/saojorgerecuperadora.com.br\/wp-content\/uploads\/2020\/07\/Recupera\u00e7\u00e3o-de-pe\u00e7as-para-carros-antigos-2-300x52.jpg 300w, https:\/\/saojorgerecuperadora.com.br\/wp-content\/uploads\/2020\/07\/Recupera\u00e7\u00e3o-de-pe\u00e7as-para-carros-antigos-2-768x132.jpg 768w, https:\/\/saojorgerecuperadora.com.br\/wp-content\/uploads\/2020\/07\/Recupera\u00e7\u00e3o-de-pe\u00e7as-para-carros-antigos-2.jpg 1200w\" sizes=\"(max-width: 1024px) 100vw, 1024px\" \/>\t\t\t\t\t\t\t\t\t\t\t\t\t\t<\/div>\n\t\t\t\t\t\t<\/div>\n\t\t\t\t<\/div>\n\t\t\t\t<div class=\"elementor-element elementor-element-94595b7 elementor-widget elementor-widget-image\" data-id=\"94595b7\" data-element_type=\"widget\" data-widget_type=\"image.default\">\n\t\t\t\t<div class=\"elementor-widget-container\">\n\t\t\t\t\t\t\t\t<div class=\"elementor-image\">\n\t\t\t\t\t\t\t\t\t\t\t\t<img decoding=\"async\" width=\"1024\" height=\"445\" src=\"https:\/\/saojorgerecuperadora.com.br\/wp-content\/uploads\/2020\/07\/PICKUP-F1-1-1024x445.jpg\" class=\"attachment-large size-large\" alt=\"restaura\u00e7\u00e3o de veloc\u00edmetro de pickup F1\" loading=\"lazy\" srcset=\"https:\/\/saojorgerecuperadora.com.br\/wp-content\/uploads\/2020\/07\/PICKUP-F1-1-1024x445.jpg 1024w, https:\/\/saojorgerecuperadora.com.br\/wp-content\/uploads\/2020\/07\/PICKUP-F1-1-300x131.jpg 300w, https:\/\/saojorgerecuperadora.com.br\/wp-content\/uploads\/2020\/07\/PICKUP-F1-1-768x334.jpg 768w, https:\/\/saojorgerecuperadora.com.br\/wp-content\/uploads\/2020\/07\/PICKUP-F1-1.jpg 1200w\" sizes=\"(max-width: 1024px) 100vw, 1024px\" \/>\t\t\t\t\t\t\t\t\t\t\t\t\t\t<\/div>\n\t\t\t\t\t\t<\/div>\n\t\t\t\t<\/div>\n\t\t\t\t<div class=\"elementor-element elementor-element-c4c27cb elementor-widget elementor-widget-text-editor\" data-id=\"c4c27cb\" data-element_type=\"widget\" data-widget_type=\"text-editor.default\">\n\t\t\t\t<div class=\"elementor-widget-container\">\n\t\t\t\t\t\t\t\t<div class=\"elementor-text-editor elementor-clearfix\">\n\t\t\t\t<h1 style=\"background: white; vertical-align: baseline; margin: 0cm 0cm 15.0pt 0cm;\"><span style=\"font-family: Roboto; color: #3a3a3a;\">Restaura\u00e7\u00e3o, retifica e recupera\u00e7\u00e3o de pe\u00e7as para carros antigos e geradores<\/span><\/h1><div><span style=\"font-family: Roboto; color: #3a3a3a;\">\u00a0<\/span><\/div><p style=\"background: white; vertical-align: baseline; margin: 0cm 0cm 15.0pt 0cm;\"><span style=\"font-family: Roboto; color: #3a3a3a;\">Se voc\u00ea esta procurando aonde fazer a restaura\u00e7\u00e3o de alguma pe\u00e7a el\u00e9trica ou eletr\u00f4nica do seu carro antigo, m\u00e1s n\u00e3o sabe quem poderia fazer mantendo a originalidade da pe\u00e7a e ainda por um pre\u00e7o justo.\u00a0<\/span><\/p><p style=\"background: white; vertical-align: baseline; margin: 0cm 0cm 15.0pt 0cm;\"><span style=\"font-family: Roboto; color: #3a3a3a;\">Vem aqui para a S\u00e3o Jorge recuperadora!<\/span><\/p>\t\t\t\t\t<\/div>\n\t\t\t\t\t\t<\/div>\n\t\t\t\t<\/div>\n\t\t\t\t<div class=\"elementor-element elementor-element-29163f3 elementor-widget elementor-widget-spacer\" data-id=\"29163f3\" data-element_type=\"widget\" data-widget_type=\"spacer.default\">\n\t\t\t\t<div class=\"elementor-widget-container\">\n\t\t\t\t\t<div class=\"elementor-spacer\">\n\t\t\t<div class=\"elementor-spacer-inner\"><\/div>\n\t\t<\/div>\n\t\t\t\t<\/div>\n\t\t\t\t<\/div>\n\t\t\t\t\t\t<\/div>\n\t\t\t\t\t<\/div>\n\t\t<\/div>\n\t\t\t\t\t\t\t\t<\/div>\n\t\t\t\t\t<\/div>\n\t\t<\/section>\n\t\t\t\t<section class=\"elementor-section elementor-top-section elementor-element elementor-element-92c06f5 elementor-section-boxed elementor-section-height-default elementor-section-height-default\" data-id=\"92c06f5\" data-element_type=\"section\">\n\t\t\t\t\t\t<div class=\"elementor-container elementor-column-gap-default\">\n\t\t\t\t\t\t\t<div class=\"elementor-row\">\n\t\t\t\t\t<div class=\"elementor-column elementor-col-100 elementor-top-column elementor-element elementor-element-aed933b\" data-id=\"aed933b\" data-element_type=\"column\">\n\t\t\t<div class=\"elementor-column-wrap\">\n\t\t\t\t\t\t\t<div class=\"elementor-widget-wrap\">\n\t\t\t\t\t\t\t\t<\/div>\n\t\t\t\t\t<\/div>\n\t\t<\/div>\n\t\t\t\t\t\t\t\t<\/div>\n\t\t\t\t\t<\/div>\n\t\t<\/section>\n\t\t\t\t<section class=\"elementor-section elementor-top-section elementor-element elementor-element-4b23cd7 elementor-section-full_width elementor-section-height-default elementor-section-height-default\" data-id=\"4b23cd7\" data-element_type=\"section\">\n\t\t\t\t\t\t<div class=\"elementor-container elementor-column-gap-default\">\n\t\t\t\t\t\t\t<div class=\"elementor-row\">\n\t\t\t\t\t<div class=\"elementor-column elementor-col-100 elementor-top-column elementor-element elementor-element-eccce56\" data-id=\"eccce56\" data-element_type=\"column\">\n\t\t\t<div class=\"elementor-column-wrap elementor-element-populated\">\n\t\t\t\t\t\t\t<div class=\"elementor-widget-wrap\">\n\t\t\t\t\t\t<div class=\"elementor-element elementor-element-4491fcf elementor-widget elementor-widget-image\" data-id=\"4491fcf\" data-element_type=\"widget\" data-widget_type=\"image.default\">\n\t\t\t\t<div class=\"elementor-widget-container\">\n\t\t\t\t\t\t\t\t<div class=\"elementor-image\">\n\t\t\t\t\t\t\t\t\t<figure class=\"wp-caption\">\n\t\t\t\t\t\t\t\t\t\t<img decoding=\"async\" width=\"1024\" height=\"445\" src=\"https:\/\/saojorgerecuperadora.com.br\/wp-content\/uploads\/2020\/06\/antes-e-depois-2-1024x445.jpg\" class=\"attachment-large size-large\" alt=\"Veloc\u00edmetro antes e depois\" loading=\"lazy\" srcset=\"https:\/\/saojorgerecuperadora.com.br\/wp-content\/uploads\/2020\/06\/antes-e-depois-2-1024x445.jpg 1024w, https:\/\/saojorgerecuperadora.com.br\/wp-content\/uploads\/2020\/06\/antes-e-depois-2-300x131.jpg 300w, https:\/\/saojorgerecuperadora.com.br\/wp-content\/uploads\/2020\/06\/antes-e-depois-2-768x334.jpg 768w, https:\/\/saojorgerecuperadora.com.br\/wp-content\/uploads\/2020\/06\/antes-e-depois-2.jpg 1200w\" sizes=\"(max-width: 1024px) 100vw, 1024px\" \/>\t\t\t\t\t\t\t\t\t\t\t<figcaption class=\"widget-image-caption wp-caption-text\">Veloc\u00edmetro antes e depois<\/figcaption>\n\t\t\t\t\t\t\t\t\t\t<\/figure>\n\t\t\t\t\t\t\t\t<\/div>\n\t\t\t\t\t\t<\/div>\n\t\t\t\t<\/div>\n\t\t\t\t<div class=\"elementor-element elementor-element-6e7d2f2 elementor-widget elementor-widget-text-editor\" data-id=\"6e7d2f2\" data-element_type=\"widget\" data-widget_type=\"text-editor.default\">\n\t\t\t\t<div class=\"elementor-widget-container\">\n\t\t\t\t\t\t\t\t<div class=\"elementor-text-editor elementor-clearfix\">\n\t\t\t\t<p>Fazemos este trabalho a mais de 25 anos, procurando usar sua pr\u00f3pria carca\u00e7a para deixar o mais fiel poss\u00edvel, os demais componentes mantemos originais quando estes ainda existem no mercado.\u00a0<\/p>\t\t\t\t\t<\/div>\n\t\t\t\t\t\t<\/div>\n\t\t\t\t<\/div>\n\t\t\t\t<div class=\"elementor-element elementor-element-3e0d6e0 elementor-widget elementor-widget-image\" data-id=\"3e0d6e0\" data-element_type=\"widget\" data-widget_type=\"image.default\">\n\t\t\t\t<div class=\"elementor-widget-container\">\n\t\t\t\t\t\t\t\t<div class=\"elementor-image\">\n\t\t\t\t\t\t\t\t\t<figure class=\"wp-caption\">\n\t\t\t\t\t\t\t\t\t\t<img decoding=\"async\" width=\"1024\" height=\"445\" src=\"https:\/\/saojorgerecuperadora.com.br\/wp-content\/uploads\/2020\/06\/antes-e-depois-1024x445.jpg\" class=\"attachment-large size-large\" alt=\"Antes e depois da recupera\u00e7\u00e3o\" loading=\"lazy\" srcset=\"https:\/\/saojorgerecuperadora.com.br\/wp-content\/uploads\/2020\/06\/antes-e-depois-1024x445.jpg 1024w, https:\/\/saojorgerecuperadora.com.br\/wp-content\/uploads\/2020\/06\/antes-e-depois-300x131.jpg 300w, https:\/\/saojorgerecuperadora.com.br\/wp-content\/uploads\/2020\/06\/antes-e-depois-768x334.jpg 768w, https:\/\/saojorgerecuperadora.com.br\/wp-content\/uploads\/2020\/06\/antes-e-depois.jpg 1200w\" sizes=\"(max-width: 1024px) 100vw, 1024px\" \/>\t\t\t\t\t\t\t\t\t\t\t<figcaption class=\"widget-image-caption wp-caption-text\">Antes e depois da recupera\u00e7\u00e3o<\/figcaption>\n\t\t\t\t\t\t\t\t\t\t<\/figure>\n\t\t\t\t\t\t\t\t<\/div>\n\t\t\t\t\t\t<\/div>\n\t\t\t\t<\/div>\n\t\t\t\t\t\t<\/div>\n\t\t\t\t\t<\/div>\n\t\t<\/div>\n\t\t\t\t\t\t\t\t<\/div>\n\t\t\t\t\t<\/div>\n\t\t<\/section>\n\t\t\t\t<section class=\"elementor-section elementor-top-section elementor-element elementor-element-c3184fe elementor-section-boxed elementor-section-height-default elementor-section-height-default\" data-id=\"c3184fe\" data-element_type=\"section\">\n\t\t\t\t\t\t<div class=\"elementor-container elementor-column-gap-default\">\n\t\t\t\t\t\t\t<div class=\"elementor-row\">\n\t\t\t\t\t<div class=\"elementor-column elementor-col-100 elementor-top-column elementor-element elementor-element-ce1db8f\" data-id=\"ce1db8f\" data-element_type=\"column\">\n\t\t\t<div class=\"elementor-column-wrap elementor-element-populated\">\n\t\t\t\t\t\t\t<div class=\"elementor-widget-wrap\">\n\t\t\t\t\t\t<div class=\"elementor-element elementor-element-bf03244 elementor-widget elementor-widget-text-editor\" data-id=\"bf03244\" data-element_type=\"widget\" data-widget_type=\"text-editor.default\">\n\t\t\t\t<div class=\"elementor-widget-container\">\n\t\t\t\t\t\t\t\t<div class=\"elementor-text-editor elementor-clearfix\">\n\t\t\t\t<p><span style=\"font-size: 1.66667rem;\">Se voc\u00ea quer terminar de vez essa busca e colocar o carango para funcionar entra em contato com a gente pelos nossos telefones aqui abaixo, certamente a gente vai fazer brilhar<b>!<\/b>\u00a0 <\/span><\/p><h3><span style=\"font-size: 1.66667rem;\">Ligue agora e j\u00e1 tire isso da frente!!!<\/span><\/h3>\t\t\t\t\t<\/div>\n\t\t\t\t\t\t<\/div>\n\t\t\t\t<\/div>\n\t\t\t\t<div class=\"elementor-element elementor-element-f14ae5e elementor-widget elementor-widget-image\" data-id=\"f14ae5e\" data-element_type=\"widget\" data-widget_type=\"image.default\">\n\t\t\t\t<div class=\"elementor-widget-container\">\n\t\t\t\t\t\t\t\t<div class=\"elementor-image\">\n\t\t\t\t\t\t\t\t\t\t\t\t<img decoding=\"async\" width=\"859\" height=\"540\" src=\"https:\/\/saojorgerecuperadora.com.br\/wp-content\/uploads\/2020\/06\/fonepng.png\" class=\"attachment-large size-large\" alt=\"Contato com a S\u00e3o Jorge Recuperadora\" loading=\"lazy\" srcset=\"https:\/\/saojorgerecuperadora.com.br\/wp-content\/uploads\/2020\/06\/fonepng.png 859w, https:\/\/saojorgerecuperadora.com.br\/wp-content\/uploads\/2020\/06\/fonepng-300x189.png 300w, https:\/\/saojorgerecuperadora.com.br\/wp-content\/uploads\/2020\/06\/fonepng-768x483.png 768w\" sizes=\"(max-width: 859px) 100vw, 859px\" \/>\t\t\t\t\t\t\t\t\t\t\t\t\t\t<\/div>\n\t\t\t\t\t\t<\/div>\n\t\t\t\t<\/div>\n\t\t\t\t<div class=\"elementor-element elementor-element-8b62c95 elementor-widget elementor-widget-text-editor\" data-id=\"8b62c95\" data-element_type=\"widget\" data-widget_type=\"text-editor.default\">\n\t\t\t\t<div class=\"elementor-widget-container\">\n\t\t\t\t\t\t\t\t<div class=\"elementor-text-editor elementor-clearfix\">\n\t\t\t\t<h3>(11) 3976-6202<\/h3>\t\t\t\t\t<\/div>\n\t\t\t\t\t\t<\/div>\n\t\t\t\t<\/div>\n\t\t\t\t<div class=\"elementor-element elementor-element-0eafa6a elementor-widget elementor-widget-image\" data-id=\"0eafa6a\" data-element_type=\"widget\" data-widget_type=\"image.default\">\n\t\t\t\t<div class=\"elementor-widget-container\">\n\t\t\t\t\t\t\t\t<div class=\"elementor-image\">\n\t\t\t\t\t\t\t\t\t\t\t\t<img decoding=\"async\" width=\"768\" height=\"483\" src=\"https:\/\/saojorgerecuperadora.com.br\/wp-content\/uploads\/2020\/06\/whatsapp-1-768x483.png\" class=\"attachment-medium_large size-medium_large\" alt=\"Whatsapp\" loading=\"lazy\" srcset=\"https:\/\/saojorgerecuperadora.com.br\/wp-content\/uploads\/2020\/06\/whatsapp-1-768x483.png 768w, https:\/\/saojorgerecuperadora.com.br\/wp-content\/uploads\/2020\/06\/whatsapp-1-300x189.png 300w, https:\/\/saojorgerecuperadora.com.br\/wp-content\/uploads\/2020\/06\/whatsapp-1.png 859w\" sizes=\"(max-width: 768px) 100vw, 768px\" \/>\t\t\t\t\t\t\t\t\t\t\t\t\t\t<\/div>\n\t\t\t\t\t\t<\/div>\n\t\t\t\t<\/div>\n\t\t\t\t<div class=\"elementor-element elementor-element-7d61e48 elementor-widget elementor-widget-text-editor\" data-id=\"7d61e48\" data-element_type=\"widget\" data-widget_type=\"text-editor.default\">\n\t\t\t\t<div class=\"elementor-widget-container\">\n\t\t\t\t\t\t\t\t<div class=\"elementor-text-editor elementor-clearfix\">\n\t\t\t\t<h1><span style=\"font-size: 1.66667rem; font-style: normal;\">(11) 94887-4086(S\u00e9rgio)<\/span><\/h1><h1 style=\"font-size: 1.66667rem; font-style: normal;\">(11) 97219-9991(Leonardo)<\/h1>\t\t\t\t\t<\/div>\n\t\t\t\t\t\t<\/div>\n\t\t\t\t<\/div>\n\t\t\t\t\t\t<\/div>\n\t\t\t\t\t<\/div>\n\t\t<\/div>\n\t\t\t\t\t\t\t\t<\/div>\n\t\t\t\t\t<\/div>\n\t\t<\/section>\n\t\t\t\t\t\t\t\t\t<\/div>\n\t\t\t<\/div>\n\t\t\t\t\t<\/div>\n\t\t","protected":false},"excerpt":{"rendered":"<p>Restaura\u00e7\u00e3o, retifica e recupera\u00e7\u00e3o de pe\u00e7as para carros antigos e geradores \u00a0 Se voc\u00ea esta procurando aonde fazer a restaura\u00e7\u00e3o de alguma pe\u00e7a el\u00e9trica ou eletr\u00f4nica do seu carro antigo, m\u00e1s n\u00e3o sabe quem poderia fazer mantendo a originalidade da pe\u00e7a e ainda por um pre\u00e7o justo.\u00a0 Vem aqui para a S\u00e3o Jorge recuperadora! Veloc\u00edmetro &hellip;<\/p>\n<p class=\"read-more\"> <a class=\"\" href=\"https:\/\/saojorgerecuperadora.com.br\/\"> <span class=\"screen-reader-text\">Restaura\u00e7\u00e3o de pe\u00e7as el\u00e9tricas ou eletr\u00f4nicas de carros antigos<\/span> Read More &raquo;<\/a><\/p>\n","protected":false},"author":1,"featured_media":0,"parent":0,"menu_order":0,"comment_status":"closed","ping_status":"closed","template":"","meta":[],"yoast_head":"<!-- This site is optimized with the Yoast SEO plugin v14.6.1 - https:\/\/yoast.com\/wordpress\/plugins\/seo\/ -->\n<title>Restaura\u00e7\u00e3o de pe\u00e7as el\u00e9tricas ou eletr\u00f4nicas de carros antigos - S\u00e3o jorge Recuperadora de pe\u00e7as el\u00e9tricas e eletr\u00f4nicas para carros antigos e modernos<\/title>\n<meta name=\"description\" content=\"Empresa especializada em usinar ou restaurar pe\u00e7as eletroeletr\u00f4nicas de carros antigos ou geradores, Nossa especializa\u00e7\u00e3o vem de mais de 25 anos de trabalhos nesse segmento de recupera\u00e7\u00e3o de pe\u00e7as automotivas na zona norte de S\u00e3o Paulo.\" \/>\n<meta name=\"robots\" content=\"index, follow\" \/>\n<meta name=\"googlebot\" content=\"index, follow, max-snippet:-1, max-image-preview:large, max-video-preview:-1\" \/>\n<meta name=\"bingbot\" content=\"index, follow, max-snippet:-1, max-image-preview:large, max-video-preview:-1\" \/>\n<link rel=\"canonical\" href=\"http:\/\/saojorgerecuperadora.com.br\/\" \/>\n<meta property=\"og:locale\" content=\"en_US\" \/>\n<meta property=\"og:type\" content=\"article\" \/>\n<meta property=\"og:title\" content=\"Restaura\u00e7\u00e3o de pe\u00e7as el\u00e9tricas ou eletr\u00f4nicas de carros antigos - S\u00e3o jorge Recuperadora de pe\u00e7as el\u00e9tricas e eletr\u00f4nicas para carros antigos e modernos\" \/>\n<meta property=\"og:description\" content=\"Empresa especializada em usinar ou restaurar pe\u00e7as eletroeletr\u00f4nicas de carros antigos ou geradores, Nossa especializa\u00e7\u00e3o vem de mais de 25 anos de trabalhos nesse segmento de recupera\u00e7\u00e3o de pe\u00e7as automotivas na zona norte de S\u00e3o Paulo.\" \/>\n<meta property=\"og:url\" content=\"http:\/\/saojorgerecuperadora.com.br\/\" \/>\n<meta property=\"og:site_name\" content=\"S\u00e3o jorge Recuperadora de pe\u00e7as el\u00e9tricas e eletr\u00f4nicas para carros antigos e modernos\" \/>\n<meta property=\"article:modified_time\" content=\"2020-07-28T21:23:17+00:00\" \/>\n<meta property=\"og:image\" content=\"http:\/\/saojorgerecuperadora.com.br\/wp-content\/uploads\/2020\/07\/Recupera\u00e7\u00e3o-de-pe\u00e7as-para-carros-antigos-2-1024x176.jpg\" \/>\n<meta name=\"twitter:card\" content=\"summary_large_image\" \/>\n<script type=\"application\/ld+json\" class=\"yoast-schema-graph\">{\"@context\":\"https:\/\/schema.org\",\"@graph\":[{\"@type\":\"Organization\",\"@id\":\"https:\/\/saojorgerecuperadora.com.br\/#organization\",\"name\":\"S\\u00e3o Jorge recuperadora, retifica e restaura\\u00e7\\u00e3o de pe\\u00e7as de carros antigos e geradores\",\"url\":\"https:\/\/saojorgerecuperadora.com.br\/\",\"sameAs\":[],\"logo\":{\"@type\":\"ImageObject\",\"@id\":\"https:\/\/saojorgerecuperadora.com.br\/#logo\",\"inLanguage\":\"en-US\",\"url\":\"https:\/\/saojorgerecuperadora.com.br\/wp-content\/uploads\/2020\/06\/LOGO.png\",\"width\":287,\"height\":64,\"caption\":\"S\\u00e3o Jorge recuperadora, retifica e restaura\\u00e7\\u00e3o de pe\\u00e7as de carros antigos e geradores\"},\"image\":{\"@id\":\"https:\/\/saojorgerecuperadora.com.br\/#logo\"}},{\"@type\":\"WebSite\",\"@id\":\"https:\/\/saojorgerecuperadora.com.br\/#website\",\"url\":\"https:\/\/saojorgerecuperadora.com.br\/\",\"name\":\"S\\u00e3o jorge Recuperadora de pe\\u00e7as el\\u00e9tricas e eletr\\u00f4nicas para carros antigos e modernos\",\"description\":\"Recupera\\u00e7\\u00e3o de pe\\u00e7as el\\u00e9tricas e eletr\\u00f4nicas de carros antigos e modernos\",\"publisher\":{\"@id\":\"https:\/\/saojorgerecuperadora.com.br\/#organization\"},\"potentialAction\":[{\"@type\":\"SearchAction\",\"target\":\"https:\/\/saojorgerecuperadora.com.br\/?s={search_term_string}\",\"query-input\":\"required name=search_term_string\"}],\"inLanguage\":\"en-US\"},{\"@type\":\"ImageObject\",\"@id\":\"http:\/\/saojorgerecuperadora.com.br\/#primaryimage\",\"inLanguage\":\"en-US\",\"url\":\"http:\/\/saojorgerecuperadora.com.br\/wp-content\/uploads\/2020\/07\/Recupera\\u00e7\\u00e3o-de-pe\\u00e7as-para-carros-antigos-2-1024x176.jpg\"},{\"@type\":\"WebPage\",\"@id\":\"http:\/\/saojorgerecuperadora.com.br\/#webpage\",\"url\":\"http:\/\/saojorgerecuperadora.com.br\/\",\"name\":\"Restaura\\u00e7\\u00e3o de pe\\u00e7as el\\u00e9tricas ou eletr\\u00f4nicas de carros antigos - S\\u00e3o jorge Recuperadora de pe\\u00e7as el\\u00e9tricas e eletr\\u00f4nicas para carros antigos e modernos\",\"isPartOf\":{\"@id\":\"https:\/\/saojorgerecuperadora.com.br\/#website\"},\"primaryImageOfPage\":{\"@id\":\"http:\/\/saojorgerecuperadora.com.br\/#primaryimage\"},\"datePublished\":\"2020-06-17T18:24:26+00:00\",\"dateModified\":\"2020-07-28T21:23:17+00:00\",\"description\":\"Empresa especializada em usinar ou restaurar pe\\u00e7as eletroeletr\\u00f4nicas de carros antigos ou geradores, Nossa especializa\\u00e7\\u00e3o vem de mais de 25 anos de trabalhos nesse segmento de recupera\\u00e7\\u00e3o de pe\\u00e7as automotivas na zona norte de S\\u00e3o Paulo.\",\"inLanguage\":\"en-US\",\"potentialAction\":[{\"@type\":\"ReadAction\",\"target\":[\"http:\/\/saojorgerecuperadora.com.br\/\"]}]}]}<\/script>\n<!-- \/ Yoast SEO plugin. -->","_links":{"self":[{"href":"https:\/\/saojorgerecuperadora.com.br\/index.php\/wp-json\/wp\/v2\/pages\/6"}],"collection":[{"href":"https:\/\/saojorgerecuperadora.com.br\/index.php\/wp-json\/wp\/v2\/pages"}],"about":[{"href":"https:\/\/saojorgerecuperadora.com.br\/index.php\/wp-json\/wp\/v2\/types\/page"}],"author":[{"embeddable":true,"href":"https:\/\/saojorgerecuperadora.com.br\/index.php\/wp-json\/wp\/v2\/users\/1"}],"replies":[{"embeddable":true,"href":"https:\/\/saojorgerecuperadora.com.br\/index.php\/wp-json\/wp\/v2\/comments?post=6"}],"version-history":[{"count":69,"href":"https:\/\/saojorgerecuperadora.com.br\/index.php\/wp-json\/wp\/v2\/pages\/6\/revisions"}],"predecessor-version":[{"id":257,"href":"https:\/\/saojorgerecuperadora.com.br\/index.php\/wp-json\/wp\/v2\/pages\/6\/revisions\/257"}],"wp:attachment":[{"href":"https:\/\/saojorgerecuperadora.com.br\/index.php\/wp-json\/wp\/v2\/media?parent=6"}],"curies":[{"name":"wp","href":"https:\/\/api.w.org\/{rel}","templated":true}]}}