{"id":200,"date":"2020-06-19T15:37:35","date_gmt":"2020-06-19T15:37:35","guid":{"rendered":"http:\/\/saojorgerecuperadora.com.br\/?page_id=200"},"modified":"2020-06-19T15:46:57","modified_gmt":"2020-06-19T15:46:57","slug":"ultimas-postagens","status":"publish","type":"page","link":"https:\/\/saojorgerecuperadora.com.br\/index.php\/ultimas-postagens\/","title":{"rendered":"\u00daltimas postagens"},"content":{"rendered":"\n<div class=\"wp-block-group\"><div class=\"wp-block-group__inner-container is-layout-flow\"><\/div><\/div>\n","protected":false},"excerpt":{"rendered":"","protected":false},"author":1,"featured_media":0,"parent":0,"menu_order":0,"comment_status":"closed","ping_status":"closed","template":"","meta":[],"yoast_head":"<!-- This site is optimized with the Yoast SEO plugin v14.6.1 - https:\/\/yoast.com\/wordpress\/plugins\/seo\/ -->\n<title>\u00daltimas postagens - S\u00e3o jorge Recuperadora de pe\u00e7as el\u00e9tricas e eletr\u00f4nicas para carros antigos e modernos<\/title>\n<meta name=\"description\" content=\"Empresa especializada em usinar ou restaurar pe\u00e7as eletroeletr\u00f4nicas de carros antigos ou geradores, Nossa especializa\u00e7\u00e3o vem de mais de 25 anos de trabalhos nesse segmento de recupera\u00e7\u00e3o de pe\u00e7as automotivas na zona norte de S\u00e3o Paulo.\" \/>\n<meta name=\"robots\" content=\"index, follow\" \/>\n<meta name=\"googlebot\" content=\"index, follow, max-snippet:-1, max-image-preview:large, max-video-preview:-1\" \/>\n<meta name=\"bingbot\" content=\"index, follow, max-snippet:-1, max-image-preview:large, max-video-preview:-1\" \/>\n<link rel=\"canonical\" href=\"https:\/\/saojorgerecuperadora.com.br\/index.php\/ultimas-postagens\/\" \/>\n<meta property=\"og:locale\" content=\"en_US\" \/>\n<meta property=\"og:type\" content=\"article\" \/>\n<meta property=\"og:title\" content=\"\u00daltimas postagens - S\u00e3o jorge Recuperadora de pe\u00e7as el\u00e9tricas e eletr\u00f4nicas para carros antigos e modernos\" \/>\n<meta property=\"og:description\" content=\"Empresa especializada em usinar ou restaurar pe\u00e7as eletroeletr\u00f4nicas de carros antigos ou geradores, Nossa especializa\u00e7\u00e3o vem de mais de 25 anos de trabalhos nesse segmento de recupera\u00e7\u00e3o de pe\u00e7as automotivas na zona norte de S\u00e3o Paulo.\" \/>\n<meta property=\"og:url\" content=\"https:\/\/saojorgerecuperadora.com.br\/index.php\/ultimas-postagens\/\" \/>\n<meta property=\"og:site_name\" content=\"S\u00e3o jorge Recuperadora de pe\u00e7as el\u00e9tricas e eletr\u00f4nicas para carros antigos e modernos\" \/>\n<meta property=\"article:modified_time\" content=\"2020-06-19T15:46:57+00:00\" \/>\n<meta name=\"twitter:card\" content=\"summary_large_image\" \/>\n<script type=\"application\/ld+json\" class=\"yoast-schema-graph\">{\"@context\":\"https:\/\/schema.org\",\"@graph\":[{\"@type\":\"Organization\",\"@id\":\"https:\/\/saojorgerecuperadora.com.br\/#organization\",\"name\":\"S\\u00e3o Jorge recuperadora, retifica e restaura\\u00e7\\u00e3o de pe\\u00e7as de carros antigos e geradores\",\"url\":\"https:\/\/saojorgerecuperadora.com.br\/\",\"sameAs\":[],\"logo\":{\"@type\":\"ImageObject\",\"@id\":\"https:\/\/saojorgerecuperadora.com.br\/#logo\",\"inLanguage\":\"en-US\",\"url\":\"https:\/\/saojorgerecuperadora.com.br\/wp-content\/uploads\/2020\/06\/LOGO.png\",\"width\":287,\"height\":64,\"caption\":\"S\\u00e3o Jorge recuperadora, retifica e restaura\\u00e7\\u00e3o de pe\\u00e7as de carros antigos e geradores\"},\"image\":{\"@id\":\"https:\/\/saojorgerecuperadora.com.br\/#logo\"}},{\"@type\":\"WebSite\",\"@id\":\"https:\/\/saojorgerecuperadora.com.br\/#website\",\"url\":\"https:\/\/saojorgerecuperadora.com.br\/\",\"name\":\"S\\u00e3o jorge Recuperadora de pe\\u00e7as el\\u00e9tricas e eletr\\u00f4nicas para carros antigos e modernos\",\"description\":\"Recupera\\u00e7\\u00e3o de pe\\u00e7as el\\u00e9tricas e eletr\\u00f4nicas de carros antigos e modernos\",\"publisher\":{\"@id\":\"https:\/\/saojorgerecuperadora.com.br\/#organization\"},\"potentialAction\":[{\"@type\":\"SearchAction\",\"target\":\"https:\/\/saojorgerecuperadora.com.br\/?s={search_term_string}\",\"query-input\":\"required name=search_term_string\"}],\"inLanguage\":\"en-US\"},{\"@type\":\"WebPage\",\"@id\":\"https:\/\/saojorgerecuperadora.com.br\/index.php\/ultimas-postagens\/#webpage\",\"url\":\"https:\/\/saojorgerecuperadora.com.br\/index.php\/ultimas-postagens\/\",\"name\":\"\\u00daltimas postagens - S\\u00e3o jorge Recuperadora de pe\\u00e7as el\\u00e9tricas e eletr\\u00f4nicas para carros antigos e modernos\",\"isPartOf\":{\"@id\":\"https:\/\/saojorgerecuperadora.com.br\/#website\"},\"datePublished\":\"2020-06-19T15:37:35+00:00\",\"dateModified\":\"2020-06-19T15:46:57+00:00\",\"description\":\"Empresa especializada em usinar ou restaurar pe\\u00e7as eletroeletr\\u00f4nicas de carros antigos ou geradores, Nossa especializa\\u00e7\\u00e3o vem de mais de 25 anos de trabalhos nesse segmento de recupera\\u00e7\\u00e3o de pe\\u00e7as automotivas na zona norte de S\\u00e3o Paulo.\",\"inLanguage\":\"en-US\",\"potentialAction\":[{\"@type\":\"ReadAction\",\"target\":[\"https:\/\/saojorgerecuperadora.com.br\/index.php\/ultimas-postagens\/\"]}]}]}<\/script>\n<!-- \/ Yoast SEO plugin. -->","_links":{"self":[{"href":"https:\/\/saojorgerecuperadora.com.br\/index.php\/wp-json\/wp\/v2\/pages\/200"}],"collection":[{"href":"https:\/\/saojorgerecuperadora.com.br\/index.php\/wp-json\/wp\/v2\/pages"}],"about":[{"href":"https:\/\/saojorgerecuperadora.com.br\/index.php\/wp-json\/wp\/v2\/types\/page"}],"author":[{"embeddable":true,"href":"https:\/\/saojorgerecuperadora.com.br\/index.php\/wp-json\/wp\/v2\/users\/1"}],"replies":[{"embeddable":true,"href":"https:\/\/saojorgerecuperadora.com.br\/index.php\/wp-json\/wp\/v2\/comments?post=200"}],"version-history":[{"count":3,"href":"https:\/\/saojorgerecuperadora.com.br\/index.php\/wp-json\/wp\/v2\/pages\/200\/revisions"}],"predecessor-version":[{"id":206,"href":"https:\/\/saojorgerecuperadora.com.br\/index.php\/wp-json\/wp\/v2\/pages\/200\/revisions\/206"}],"wp:attachment":[{"href":"https:\/\/saojorgerecuperadora.com.br\/index.php\/wp-json\/wp\/v2\/media?parent=200"}],"curies":[{"name":"wp","href":"https:\/\/api.w.org\/{rel}","templated":true}]}}